{"id":5340,"date":"2023-07-18T21:14:06","date_gmt":"2023-07-19T02:14:06","guid":{"rendered":"https:\/\/innovajoyeros.com\/?post_type=product&#038;p=5340"},"modified":"2023-07-18T21:56:32","modified_gmt":"2023-07-19T02:56:32","slug":"pulserasperlasgato","status":"publish","type":"product","link":"https:\/\/innovajoyeros.com\/index.php\/product\/pulserasperlasgato\/","title":{"rendered":"Pulseras perlas gato"},"content":{"rendered":"\t\t<div data-elementor-type=\"wp-post\" data-elementor-id=\"5340\" class=\"elementor elementor-5340\">\n\t\t\t\t\t\t\t\t\t<section class=\"elementor-section elementor-top-section elementor-element elementor-element-64aff36 elementor-section-full_width elementor-section-stretched elementor-section-height-default elementor-section-height-default\" data-id=\"64aff36\" data-element_type=\"section\" data-settings=\"{&quot;stretch_section&quot;:&quot;section-stretched&quot;,&quot;background_background&quot;:&quot;classic&quot;}\">\n\t\t\t\t\t\t\t<div class=\"elementor-background-overlay\"><\/div>\n\t\t\t\t\t\t\t<div class=\"elementor-container elementor-column-gap-default\">\n\t\t\t\t\t<div class=\"elementor-column elementor-col-50 elementor-top-column elementor-element elementor-element-ca4b103\" data-id=\"ca4b103\" data-element_type=\"column\">\n\t\t\t<div class=\"elementor-widget-wrap elementor-element-populated\">\n\t\t\t\t\t\t\t\t<div class=\"elementor-element elementor-element-2ee15b0 elementor-widget elementor-widget-heading\" data-id=\"2ee15b0\" data-element_type=\"widget\" data-widget_type=\"heading.default\">\n\t\t\t\t<div class=\"elementor-widget-container\">\n\t\t\t<style>\/*! elementor - v3.15.0 - 20-08-2023 *\/\n.elementor-heading-title{padding:0;margin:0;line-height:1}.elementor-widget-heading .elementor-heading-title[class*=elementor-size-]>a{color:inherit;font-size:inherit;line-height:inherit}.elementor-widget-heading .elementor-heading-title.elementor-size-small{font-size:15px}.elementor-widget-heading .elementor-heading-title.elementor-size-medium{font-size:19px}.elementor-widget-heading .elementor-heading-title.elementor-size-large{font-size:29px}.elementor-widget-heading .elementor-heading-title.elementor-size-xl{font-size:39px}.elementor-widget-heading .elementor-heading-title.elementor-size-xxl{font-size:59px}<\/style><h2 class=\"elementor-heading-title elementor-size-default\">Collar de perlas verde:<\/h2>\t\t<\/div>\n\t\t\t\t<\/div>\n\t\t\t\t<div class=\"elementor-element elementor-element-6401f30 elementor-widget elementor-widget-text-editor\" data-id=\"6401f30\" data-element_type=\"widget\" data-widget_type=\"text-editor.default\">\n\t\t\t\t<div class=\"elementor-widget-container\">\n\t\t\t<style>\/*! elementor - v3.15.0 - 20-08-2023 *\/\n.elementor-widget-text-editor.elementor-drop-cap-view-stacked .elementor-drop-cap{background-color:#69727d;color:#fff}.elementor-widget-text-editor.elementor-drop-cap-view-framed .elementor-drop-cap{color:#69727d;border:3px solid;background-color:transparent}.elementor-widget-text-editor:not(.elementor-drop-cap-view-default) .elementor-drop-cap{margin-top:8px}.elementor-widget-text-editor:not(.elementor-drop-cap-view-default) .elementor-drop-cap-letter{width:1em;height:1em}.elementor-widget-text-editor .elementor-drop-cap{float:left;text-align:center;line-height:1;font-size:50px}.elementor-widget-text-editor .elementor-drop-cap-letter{display:inline-block}<\/style>\t\t\t\t<p style=\"text-align: start;\"><b>Nueva c<\/b><b>olecci\u00f3n<\/b>&nbsp;Madre Perla: Est\u00e1 hermosa colecci\u00f3n esta inspirada en el amor por la naturaleza, nuestro dise\u00f1o representa una combinaci\u00f3n entre la elegancia de las perlas con un dije en forma de animal preferido o aquel que representa tu personalidad contiene:<\/p>\n<p>*Una (1) pulsera de perlas con dije de tu figura favorita..<\/p>\n<p><span style=\"-webkit-text-size-adjust: 100%;\">Da clic en Compra Ahora, <\/span><b style=\"-webkit-text-size-adjust: 100%;\">domicilios<\/b><span style=\"-webkit-text-size-adjust: 100%;\"> <\/span><b style=\"-webkit-text-size-adjust: 100%;\">completamente<\/b><span style=\"-webkit-text-size-adjust: 100%;\"> <\/span><b style=\"-webkit-text-size-adjust: 100%;\">gratis<\/b><span style=\"-webkit-text-size-adjust: 100%;\"> y pagas contra entrega, env\u00edos a todo el pa\u00eds.<\/span><br><\/p>\t\t\t\t\t\t<\/div>\n\t\t\t\t<\/div>\n\t\t\t\t\t<\/div>\n\t\t<\/div>\n\t\t\t\t<div class=\"elementor-column elementor-col-50 elementor-top-column elementor-element elementor-element-717d0c7\" data-id=\"717d0c7\" data-element_type=\"column\">\n\t\t\t<div class=\"elementor-widget-wrap elementor-element-populated\">\n\t\t\t\t\t\t\t\t<div class=\"elementor-element elementor-element-0d92aa3 elementor-widget elementor-widget-image\" data-id=\"0d92aa3\" data-element_type=\"widget\" data-widget_type=\"image.default\">\n\t\t\t\t<div class=\"elementor-widget-container\">\n\t\t\t<style>\/*! elementor - v3.15.0 - 20-08-2023 *\/\n.elementor-widget-image{text-align:center}.elementor-widget-image a{display:inline-block}.elementor-widget-image a img[src$=\".svg\"]{width:48px}.elementor-widget-image img{vertical-align:middle;display:inline-block}<\/style>\t\t\t\t\t\t\t\t\t\t\t\t<img src=\"http:\/\/innovajoyeros.com\/wp-content\/uploads\/2023\/07\/IMG_7575.mov\" title=\"\" alt=\"\" loading=\"lazy\" \/>\t\t\t\t\t\t\t\t\t\t\t\t\t\t\t<\/div>\n\t\t\t\t<\/div>\n\t\t\t\t\t<\/div>\n\t\t<\/div>\n\t\t\t\t\t\t\t<\/div>\n\t\t<\/section>\n\t\t\t\t\t\t\t<\/div>\n\t\t","protected":false},"excerpt":{"rendered":"<p>Nuestro dise\u00f1o exclusivo es elaborado en perlas de agua dulce de tono blanco hueso, el protagonista es un dije de gato dorado que aporta a tu estilo un dise\u00f1o elegante y sofisticado, esta inspirado en la uni\u00f3n y el amor por nuestras peludas mascotas.<\/p>\n","protected":false},"featured_media":5342,"template":"","meta":{"om_disable_all_campaigns":false,"_mi_skip_tracking":false,"_monsterinsights_sitenote_active":false,"_monsterinsights_sitenote_note":"","_monsterinsights_sitenote_category":0,"_joinchat":{"telephone":"+573187596245"}},"product_cat":[59],"product_tag":[55],"_links":{"self":[{"href":"https:\/\/innovajoyeros.com\/index.php\/wp-json\/wp\/v2\/product\/5340"}],"collection":[{"href":"https:\/\/innovajoyeros.com\/index.php\/wp-json\/wp\/v2\/product"}],"about":[{"href":"https:\/\/innovajoyeros.com\/index.php\/wp-json\/wp\/v2\/types\/product"}],"version-history":[{"count":6,"href":"https:\/\/innovajoyeros.com\/index.php\/wp-json\/wp\/v2\/product\/5340\/revisions"}],"predecessor-version":[{"id":5350,"href":"https:\/\/innovajoyeros.com\/index.php\/wp-json\/wp\/v2\/product\/5340\/revisions\/5350"}],"wp:featuredmedia":[{"embeddable":true,"href":"https:\/\/innovajoyeros.com\/index.php\/wp-json\/wp\/v2\/media\/5342"}],"wp:attachment":[{"href":"https:\/\/innovajoyeros.com\/index.php\/wp-json\/wp\/v2\/media?parent=5340"}],"wp:term":[{"taxonomy":"product_cat","embeddable":true,"href":"https:\/\/innovajoyeros.com\/index.php\/wp-json\/wp\/v2\/product_cat?post=5340"},{"taxonomy":"product_tag","embeddable":true,"href":"https:\/\/innovajoyeros.com\/index.php\/wp-json\/wp\/v2\/product_tag?post=5340"}],"curies":[{"name":"wp","href":"https:\/\/api.w.org\/{rel}","templated":true}]}}