{"id":4962,"date":"2022-11-19T22:13:34","date_gmt":"2022-11-20T03:13:34","guid":{"rendered":"https:\/\/innovajoyeros.com\/?post_type=product&#038;p=4962"},"modified":"2022-11-19T23:09:33","modified_gmt":"2022-11-20T04:09:33","slug":"collares-de-pepas-en-oro-laminado","status":"publish","type":"product","link":"https:\/\/innovajoyeros.com\/index.php\/product\/collares-de-pepas-en-oro-laminado\/","title":{"rendered":"Collar de pepas oro laminado"},"content":{"rendered":"\t\t<div data-elementor-type=\"wp-post\" data-elementor-id=\"4962\" class=\"elementor elementor-4962\">\n\t\t\t\t\t\t\t\t\t<section class=\"elementor-section elementor-top-section elementor-element elementor-element-36e0c3b elementor-section-full_width elementor-section-stretched elementor-section-height-default elementor-section-height-default\" data-id=\"36e0c3b\" data-element_type=\"section\" data-settings=\"{&quot;stretch_section&quot;:&quot;section-stretched&quot;,&quot;background_background&quot;:&quot;classic&quot;}\">\n\t\t\t\t\t\t\t<div class=\"elementor-background-overlay\"><\/div>\n\t\t\t\t\t\t\t<div class=\"elementor-container elementor-column-gap-default\">\n\t\t\t\t\t<div class=\"elementor-column elementor-col-50 elementor-top-column elementor-element elementor-element-e3e59f5\" data-id=\"e3e59f5\" data-element_type=\"column\">\n\t\t\t<div class=\"elementor-widget-wrap elementor-element-populated\">\n\t\t\t\t\t\t\t\t<div class=\"elementor-element elementor-element-ff373e5 elementor-widget elementor-widget-heading\" data-id=\"ff373e5\" data-element_type=\"widget\" data-widget_type=\"heading.default\">\n\t\t\t\t<div class=\"elementor-widget-container\">\n\t\t\t<style>\/*! elementor - v3.15.0 - 20-08-2023 *\/\n.elementor-heading-title{padding:0;margin:0;line-height:1}.elementor-widget-heading .elementor-heading-title[class*=elementor-size-]>a{color:inherit;font-size:inherit;line-height:inherit}.elementor-widget-heading .elementor-heading-title.elementor-size-small{font-size:15px}.elementor-widget-heading .elementor-heading-title.elementor-size-medium{font-size:19px}.elementor-widget-heading .elementor-heading-title.elementor-size-large{font-size:29px}.elementor-widget-heading .elementor-heading-title.elementor-size-xl{font-size:39px}.elementor-widget-heading .elementor-heading-title.elementor-size-xxl{font-size:59px}<\/style><h2 class=\"elementor-heading-title elementor-size-default\">Collar de pepas en oro laminado:<\/h2>\t\t<\/div>\n\t\t\t\t<\/div>\n\t\t\t\t<div class=\"elementor-element elementor-element-a547b77 elementor-widget elementor-widget-text-editor\" data-id=\"a547b77\" data-element_type=\"widget\" data-widget_type=\"text-editor.default\">\n\t\t\t\t<div class=\"elementor-widget-container\">\n\t\t\t<style>\/*! elementor - v3.15.0 - 20-08-2023 *\/\n.elementor-widget-text-editor.elementor-drop-cap-view-stacked .elementor-drop-cap{background-color:#69727d;color:#fff}.elementor-widget-text-editor.elementor-drop-cap-view-framed .elementor-drop-cap{color:#69727d;border:3px solid;background-color:transparent}.elementor-widget-text-editor:not(.elementor-drop-cap-view-default) .elementor-drop-cap{margin-top:8px}.elementor-widget-text-editor:not(.elementor-drop-cap-view-default) .elementor-drop-cap-letter{width:1em;height:1em}.elementor-widget-text-editor .elementor-drop-cap{float:left;text-align:center;line-height:1;font-size:50px}.elementor-widget-text-editor .elementor-drop-cap-letter{display:inline-block}<\/style>\t\t\t\t<p>Este espectacular juego de collares de pepas en oro laminado te har\u00e1 destacar en cualquier evento, combinados con unos aretes de corte fino de borde dorado y zirc\u00f3n, lleva contigo la elegancia y la exclusividad.<\/p>\n<p>*Dos (2) cadenas de pepas de corte alto en oro laminado.<\/p>\n<p>*Un (1) juego de aretes de corte fino borde dorado con un zirc\u00f3n en el centro.<\/p>\t\t\t\t\t\t<\/div>\n\t\t\t\t<\/div>\n\t\t\t\t\t<\/div>\n\t\t<\/div>\n\t\t\t\t<div class=\"elementor-column elementor-col-50 elementor-top-column elementor-element elementor-element-ea798f6\" data-id=\"ea798f6\" data-element_type=\"column\">\n\t\t\t<div class=\"elementor-widget-wrap elementor-element-populated\">\n\t\t\t\t\t\t\t\t<div class=\"elementor-element elementor-element-0b89308 elementor-widget elementor-widget-image\" data-id=\"0b89308\" data-element_type=\"widget\" data-widget_type=\"image.default\">\n\t\t\t\t<div class=\"elementor-widget-container\">\n\t\t\t<style>\/*! elementor - v3.15.0 - 20-08-2023 *\/\n.elementor-widget-image{text-align:center}.elementor-widget-image a{display:inline-block}.elementor-widget-image a img[src$=\".svg\"]{width:48px}.elementor-widget-image img{vertical-align:middle;display:inline-block}<\/style>\t\t\t\t\t\t\t\t\t\t\t\t<img width=\"640\" height=\"480\" src=\"https:\/\/innovajoyeros.com\/wp-content\/uploads\/2022\/11\/p_collares4.2-1024x768.jpg\" class=\"attachment-large size-large wp-image-4945\" alt=\"collar de pepas en oro laminado\" loading=\"lazy\" srcset=\"https:\/\/innovajoyeros.com\/wp-content\/uploads\/2022\/11\/p_collares4.2-1024x768.jpg 1024w, https:\/\/innovajoyeros.com\/wp-content\/uploads\/2022\/11\/p_collares4.2-scaled-1000x750.jpg 1000w, https:\/\/innovajoyeros.com\/wp-content\/uploads\/2022\/11\/p_collares4.2-300x225.jpg 300w, https:\/\/innovajoyeros.com\/wp-content\/uploads\/2022\/11\/p_collares4.2-768x576.jpg 768w, https:\/\/innovajoyeros.com\/wp-content\/uploads\/2022\/11\/p_collares4.2-1536x1152.jpg 1536w, https:\/\/innovajoyeros.com\/wp-content\/uploads\/2022\/11\/p_collares4.2-2048x1536.jpg 2048w, https:\/\/innovajoyeros.com\/wp-content\/uploads\/2022\/11\/p_collares4.2-1320x990.jpg 1320w\" sizes=\"(max-width: 640px) 100vw, 640px\" \/>\t\t\t\t\t\t\t\t\t\t\t\t\t\t\t<\/div>\n\t\t\t\t<\/div>\n\t\t\t\t\t<\/div>\n\t\t<\/div>\n\t\t\t\t\t\t\t<\/div>\n\t\t<\/section>\n\t\t\t\t\t\t\t<\/div>\n\t\t","protected":false},"excerpt":{"rendered":"<p>Dos espectaculares collares de pepas en oro laminado de corte alto, con una combinaci\u00f3n de aretes de borde fino con incrustaci\u00f3n de zirc\u00f3n en el centro.<\/p>\n","protected":false},"featured_media":4944,"template":"","meta":{"om_disable_all_campaigns":false,"_mi_skip_tracking":false,"_monsterinsights_sitenote_active":false,"_monsterinsights_sitenote_note":"","_monsterinsights_sitenote_category":0,"_joinchat":[]},"product_cat":[40],"product_tag":[55],"_links":{"self":[{"href":"https:\/\/innovajoyeros.com\/index.php\/wp-json\/wp\/v2\/product\/4962"}],"collection":[{"href":"https:\/\/innovajoyeros.com\/index.php\/wp-json\/wp\/v2\/product"}],"about":[{"href":"https:\/\/innovajoyeros.com\/index.php\/wp-json\/wp\/v2\/types\/product"}],"version-history":[{"count":8,"href":"https:\/\/innovajoyeros.com\/index.php\/wp-json\/wp\/v2\/product\/4962\/revisions"}],"predecessor-version":[{"id":4983,"href":"https:\/\/innovajoyeros.com\/index.php\/wp-json\/wp\/v2\/product\/4962\/revisions\/4983"}],"wp:featuredmedia":[{"embeddable":true,"href":"https:\/\/innovajoyeros.com\/index.php\/wp-json\/wp\/v2\/media\/4944"}],"wp:attachment":[{"href":"https:\/\/innovajoyeros.com\/index.php\/wp-json\/wp\/v2\/media?parent=4962"}],"wp:term":[{"taxonomy":"product_cat","embeddable":true,"href":"https:\/\/innovajoyeros.com\/index.php\/wp-json\/wp\/v2\/product_cat?post=4962"},{"taxonomy":"product_tag","embeddable":true,"href":"https:\/\/innovajoyeros.com\/index.php\/wp-json\/wp\/v2\/product_tag?post=4962"}],"curies":[{"name":"wp","href":"https:\/\/api.w.org\/{rel}","templated":true}]}}