{"id":4956,"date":"2022-11-19T21:51:11","date_gmt":"2022-11-20T02:51:11","guid":{"rendered":"https:\/\/innovajoyeros.com\/?post_type=product&#038;p=4956"},"modified":"2022-11-19T22:53:23","modified_gmt":"2022-11-20T03:53:23","slug":"collar-corazon-de-plata","status":"publish","type":"product","link":"https:\/\/innovajoyeros.com\/index.php\/product\/collar-corazon-de-plata\/","title":{"rendered":"Collar coraz\u00f3n de plata"},"content":{"rendered":"\t\t<div data-elementor-type=\"wp-post\" data-elementor-id=\"4956\" class=\"elementor elementor-4956\">\n\t\t\t\t\t\t\t\t\t<section class=\"elementor-section elementor-top-section elementor-element elementor-element-0c76483 elementor-section-full_width elementor-section-stretched elementor-section-height-default elementor-section-height-default\" data-id=\"0c76483\" data-element_type=\"section\" data-settings=\"{&quot;stretch_section&quot;:&quot;section-stretched&quot;,&quot;background_background&quot;:&quot;classic&quot;}\">\n\t\t\t\t\t\t\t<div class=\"elementor-background-overlay\"><\/div>\n\t\t\t\t\t\t\t<div class=\"elementor-container elementor-column-gap-default\">\n\t\t\t\t\t<div class=\"elementor-column elementor-col-50 elementor-top-column elementor-element elementor-element-90de273\" data-id=\"90de273\" data-element_type=\"column\">\n\t\t\t<div class=\"elementor-widget-wrap elementor-element-populated\">\n\t\t\t\t\t\t\t\t<div class=\"elementor-element elementor-element-cd012ea elementor-widget elementor-widget-heading\" data-id=\"cd012ea\" data-element_type=\"widget\" data-widget_type=\"heading.default\">\n\t\t\t\t<div class=\"elementor-widget-container\">\n\t\t\t<style>\/*! elementor - v3.15.0 - 20-08-2023 *\/\n.elementor-heading-title{padding:0;margin:0;line-height:1}.elementor-widget-heading .elementor-heading-title[class*=elementor-size-]>a{color:inherit;font-size:inherit;line-height:inherit}.elementor-widget-heading .elementor-heading-title.elementor-size-small{font-size:15px}.elementor-widget-heading .elementor-heading-title.elementor-size-medium{font-size:19px}.elementor-widget-heading .elementor-heading-title.elementor-size-large{font-size:29px}.elementor-widget-heading .elementor-heading-title.elementor-size-xl{font-size:39px}.elementor-widget-heading .elementor-heading-title.elementor-size-xxl{font-size:59px}<\/style><h2 class=\"elementor-heading-title elementor-size-default\">Collar coraz\u00f3n de plata:<\/h2>\t\t<\/div>\n\t\t\t\t<\/div>\n\t\t\t\t<div class=\"elementor-element elementor-element-9f38478 elementor-widget elementor-widget-text-editor\" data-id=\"9f38478\" data-element_type=\"widget\" data-widget_type=\"text-editor.default\">\n\t\t\t\t<div class=\"elementor-widget-container\">\n\t\t\t<style>\/*! elementor - v3.15.0 - 20-08-2023 *\/\n.elementor-widget-text-editor.elementor-drop-cap-view-stacked .elementor-drop-cap{background-color:#69727d;color:#fff}.elementor-widget-text-editor.elementor-drop-cap-view-framed .elementor-drop-cap{color:#69727d;border:3px solid;background-color:transparent}.elementor-widget-text-editor:not(.elementor-drop-cap-view-default) .elementor-drop-cap{margin-top:8px}.elementor-widget-text-editor:not(.elementor-drop-cap-view-default) .elementor-drop-cap-letter{width:1em;height:1em}.elementor-widget-text-editor .elementor-drop-cap{float:left;text-align:center;line-height:1;font-size:50px}.elementor-widget-text-editor .elementor-drop-cap-letter{display:inline-block}<\/style>\t\t\t\t<p>Sorprende a tu prometida con un lindo collar de coraz\u00f3n, ideal para vestir casual o elegante, un accesorio indispensable para cualquier ocasi\u00f3n.<\/p><p>*Una (1) cadena en plata con forma de coraz\u00f3n<\/p><p>*Un (1) juego de aretes de plata en forma de coraz\u00f3n\u00a0 con mariposas del mismo material.<\/p>\t\t\t\t\t\t<\/div>\n\t\t\t\t<\/div>\n\t\t\t\t\t<\/div>\n\t\t<\/div>\n\t\t\t\t<div class=\"elementor-column elementor-col-50 elementor-top-column elementor-element elementor-element-17c4608\" data-id=\"17c4608\" data-element_type=\"column\">\n\t\t\t<div class=\"elementor-widget-wrap elementor-element-populated\">\n\t\t\t\t\t\t\t\t<div class=\"elementor-element elementor-element-abfd724 elementor-widget elementor-widget-image\" data-id=\"abfd724\" data-element_type=\"widget\" data-widget_type=\"image.default\">\n\t\t\t\t<div class=\"elementor-widget-container\">\n\t\t\t<style>\/*! elementor - v3.15.0 - 20-08-2023 *\/\n.elementor-widget-image{text-align:center}.elementor-widget-image a{display:inline-block}.elementor-widget-image a img[src$=\".svg\"]{width:48px}.elementor-widget-image img{vertical-align:middle;display:inline-block}<\/style>\t\t\t\t\t\t\t\t\t\t\t\t<img width=\"640\" height=\"480\" src=\"https:\/\/innovajoyeros.com\/wp-content\/uploads\/2022\/11\/p_collares_3.1-1024x768.jpg\" class=\"attachment-large size-large wp-image-4940\" alt=\"collar_corazon_de_plata\" loading=\"lazy\" srcset=\"https:\/\/innovajoyeros.com\/wp-content\/uploads\/2022\/11\/p_collares_3.1-1024x768.jpg 1024w, https:\/\/innovajoyeros.com\/wp-content\/uploads\/2022\/11\/p_collares_3.1-scaled-1000x750.jpg 1000w, https:\/\/innovajoyeros.com\/wp-content\/uploads\/2022\/11\/p_collares_3.1-300x225.jpg 300w, https:\/\/innovajoyeros.com\/wp-content\/uploads\/2022\/11\/p_collares_3.1-768x576.jpg 768w, https:\/\/innovajoyeros.com\/wp-content\/uploads\/2022\/11\/p_collares_3.1-1536x1152.jpg 1536w, https:\/\/innovajoyeros.com\/wp-content\/uploads\/2022\/11\/p_collares_3.1-2048x1536.jpg 2048w, https:\/\/innovajoyeros.com\/wp-content\/uploads\/2022\/11\/p_collares_3.1-1320x990.jpg 1320w\" sizes=\"(max-width: 640px) 100vw, 640px\" \/>\t\t\t\t\t\t\t\t\t\t\t\t\t\t\t<\/div>\n\t\t\t\t<\/div>\n\t\t\t\t\t<\/div>\n\t\t<\/div>\n\t\t\t\t\t\t\t<\/div>\n\t\t<\/section>\n\t\t\t\t\t\t\t<\/div>\n\t\t","protected":false},"excerpt":{"rendered":"<p>Hermoso collar en plata en forma de coraz\u00f3n ideal para un detalle rom\u00e1ntico y vestir con cualquier atuendo ya sea casual o elegante incluye aretes de coraz\u00f3n.<\/p>\n","protected":false},"featured_media":4941,"template":"","meta":{"om_disable_all_campaigns":false,"_mi_skip_tracking":false,"_monsterinsights_sitenote_active":false,"_monsterinsights_sitenote_note":"","_monsterinsights_sitenote_category":0,"_joinchat":[]},"product_cat":[40],"product_tag":[55],"_links":{"self":[{"href":"https:\/\/innovajoyeros.com\/index.php\/wp-json\/wp\/v2\/product\/4956"}],"collection":[{"href":"https:\/\/innovajoyeros.com\/index.php\/wp-json\/wp\/v2\/product"}],"about":[{"href":"https:\/\/innovajoyeros.com\/index.php\/wp-json\/wp\/v2\/types\/product"}],"version-history":[{"count":7,"href":"https:\/\/innovajoyeros.com\/index.php\/wp-json\/wp\/v2\/product\/4956\/revisions"}],"predecessor-version":[{"id":4980,"href":"https:\/\/innovajoyeros.com\/index.php\/wp-json\/wp\/v2\/product\/4956\/revisions\/4980"}],"wp:featuredmedia":[{"embeddable":true,"href":"https:\/\/innovajoyeros.com\/index.php\/wp-json\/wp\/v2\/media\/4941"}],"wp:attachment":[{"href":"https:\/\/innovajoyeros.com\/index.php\/wp-json\/wp\/v2\/media?parent=4956"}],"wp:term":[{"taxonomy":"product_cat","embeddable":true,"href":"https:\/\/innovajoyeros.com\/index.php\/wp-json\/wp\/v2\/product_cat?post=4956"},{"taxonomy":"product_tag","embeddable":true,"href":"https:\/\/innovajoyeros.com\/index.php\/wp-json\/wp\/v2\/product_tag?post=4956"}],"curies":[{"name":"wp","href":"https:\/\/api.w.org\/{rel}","templated":true}]}}