{"id":4937,"date":"2022-11-19T21:34:54","date_gmt":"2022-11-20T02:34:54","guid":{"rendered":"https:\/\/innovajoyeros.com\/?post_type=product&#038;p=4937"},"modified":"2022-11-19T21:48:01","modified_gmt":"2022-11-20T02:48:01","slug":"collar-de-zircon-en-plata","status":"publish","type":"product","link":"https:\/\/innovajoyeros.com\/index.php\/product\/collar-de-zircon-en-plata\/","title":{"rendered":"Collar de Zirc\u00f3n en plata"},"content":{"rendered":"\t\t<div data-elementor-type=\"wp-post\" data-elementor-id=\"4937\" class=\"elementor elementor-4937\">\n\t\t\t\t\t\t\t\t\t<section class=\"elementor-section elementor-top-section elementor-element elementor-element-279b3fc elementor-section-full_width elementor-section-stretched elementor-section-height-default elementor-section-height-default\" data-id=\"279b3fc\" data-element_type=\"section\" data-settings=\"{&quot;stretch_section&quot;:&quot;section-stretched&quot;,&quot;background_background&quot;:&quot;classic&quot;}\">\n\t\t\t\t\t\t\t<div class=\"elementor-background-overlay\"><\/div>\n\t\t\t\t\t\t\t<div class=\"elementor-container elementor-column-gap-default\">\n\t\t\t\t\t<div class=\"elementor-column elementor-col-50 elementor-top-column elementor-element elementor-element-30670c0\" data-id=\"30670c0\" data-element_type=\"column\">\n\t\t\t<div class=\"elementor-widget-wrap elementor-element-populated\">\n\t\t\t\t\t\t\t\t<div class=\"elementor-element elementor-element-162dda0 elementor-widget elementor-widget-heading\" data-id=\"162dda0\" data-element_type=\"widget\" data-widget_type=\"heading.default\">\n\t\t\t\t<div class=\"elementor-widget-container\">\n\t\t\t<style>\/*! elementor - v3.15.0 - 20-08-2023 *\/\n.elementor-heading-title{padding:0;margin:0;line-height:1}.elementor-widget-heading .elementor-heading-title[class*=elementor-size-]>a{color:inherit;font-size:inherit;line-height:inherit}.elementor-widget-heading .elementor-heading-title.elementor-size-small{font-size:15px}.elementor-widget-heading .elementor-heading-title.elementor-size-medium{font-size:19px}.elementor-widget-heading .elementor-heading-title.elementor-size-large{font-size:29px}.elementor-widget-heading .elementor-heading-title.elementor-size-xl{font-size:39px}.elementor-widget-heading .elementor-heading-title.elementor-size-xxl{font-size:59px}<\/style><h2 class=\"elementor-heading-title elementor-size-default\">Collar de  zirc\u00f3n en plata:<\/h2>\t\t<\/div>\n\t\t\t\t<\/div>\n\t\t\t\t<div class=\"elementor-element elementor-element-adeb951 elementor-widget elementor-widget-text-editor\" data-id=\"adeb951\" data-element_type=\"widget\" data-widget_type=\"text-editor.default\">\n\t\t\t\t<div class=\"elementor-widget-container\">\n\t\t\t<style>\/*! elementor - v3.15.0 - 20-08-2023 *\/\n.elementor-widget-text-editor.elementor-drop-cap-view-stacked .elementor-drop-cap{background-color:#69727d;color:#fff}.elementor-widget-text-editor.elementor-drop-cap-view-framed .elementor-drop-cap{color:#69727d;border:3px solid;background-color:transparent}.elementor-widget-text-editor:not(.elementor-drop-cap-view-default) .elementor-drop-cap{margin-top:8px}.elementor-widget-text-editor:not(.elementor-drop-cap-view-default) .elementor-drop-cap-letter{width:1em;height:1em}.elementor-widget-text-editor .elementor-drop-cap{float:left;text-align:center;line-height:1;font-size:50px}.elementor-widget-text-editor .elementor-drop-cap-letter{display:inline-block}<\/style>\t\t\t\t<p>No pierdas la oportunidad de adquirir este hermoso collar en plata con zirc\u00f3n suizo en forma de gota, este dise\u00f1o elegante y sofisticado pondr\u00e1 tu lock en otro nivel, incluye:\u00a0<\/p><p>*Una (1) cadena en plata con un dije de zirc\u00f3n en forma de gota.<\/p><p>*Un (1) juego de aretes de zirc\u00f3n en forma de gota con mariposa en plata.<\/p>\t\t\t\t\t\t<\/div>\n\t\t\t\t<\/div>\n\t\t\t\t\t<\/div>\n\t\t<\/div>\n\t\t\t\t<div class=\"elementor-column elementor-col-50 elementor-top-column elementor-element elementor-element-13d7e55\" data-id=\"13d7e55\" data-element_type=\"column\">\n\t\t\t<div class=\"elementor-widget-wrap elementor-element-populated\">\n\t\t\t\t\t\t\t\t<div class=\"elementor-element elementor-element-2a85a32 elementor-widget elementor-widget-image\" data-id=\"2a85a32\" data-element_type=\"widget\" data-widget_type=\"image.default\">\n\t\t\t\t<div class=\"elementor-widget-container\">\n\t\t\t<style>\/*! elementor - v3.15.0 - 20-08-2023 *\/\n.elementor-widget-image{text-align:center}.elementor-widget-image a{display:inline-block}.elementor-widget-image a img[src$=\".svg\"]{width:48px}.elementor-widget-image img{vertical-align:middle;display:inline-block}<\/style>\t\t\t\t\t\t\t\t\t\t\t\t<img width=\"640\" height=\"480\" src=\"https:\/\/innovajoyeros.com\/wp-content\/uploads\/2022\/11\/p_collares_2.1-1024x768.jpg\" class=\"attachment-large size-large wp-image-4938\" alt=\"collar zirc\u00f3n y plata\" loading=\"lazy\" srcset=\"https:\/\/innovajoyeros.com\/wp-content\/uploads\/2022\/11\/p_collares_2.1-1024x768.jpg 1024w, https:\/\/innovajoyeros.com\/wp-content\/uploads\/2022\/11\/p_collares_2.1-scaled-1000x750.jpg 1000w, https:\/\/innovajoyeros.com\/wp-content\/uploads\/2022\/11\/p_collares_2.1-300x225.jpg 300w, https:\/\/innovajoyeros.com\/wp-content\/uploads\/2022\/11\/p_collares_2.1-768x576.jpg 768w, https:\/\/innovajoyeros.com\/wp-content\/uploads\/2022\/11\/p_collares_2.1-1536x1152.jpg 1536w, https:\/\/innovajoyeros.com\/wp-content\/uploads\/2022\/11\/p_collares_2.1-2048x1536.jpg 2048w, https:\/\/innovajoyeros.com\/wp-content\/uploads\/2022\/11\/p_collares_2.1-1320x990.jpg 1320w\" sizes=\"(max-width: 640px) 100vw, 640px\" \/>\t\t\t\t\t\t\t\t\t\t\t\t\t\t\t<\/div>\n\t\t\t\t<\/div>\n\t\t\t\t\t<\/div>\n\t\t<\/div>\n\t\t\t\t\t\t\t<\/div>\n\t\t<\/section>\n\t\t\t\t\t\t\t<\/div>\n\t\t","protected":false},"excerpt":{"rendered":"<p>collar con hermoso zirc\u00f3n en forma de gota, la cadena es de plata incluye aretes que hacen juego tambi\u00e9n son zircones en forma de gota.<\/p>\n","protected":false},"featured_media":4939,"template":"","meta":{"om_disable_all_campaigns":false,"_mi_skip_tracking":false,"_monsterinsights_sitenote_active":false,"_monsterinsights_sitenote_note":"","_monsterinsights_sitenote_category":0,"_joinchat":[]},"product_cat":[40],"product_tag":[55],"_links":{"self":[{"href":"https:\/\/innovajoyeros.com\/index.php\/wp-json\/wp\/v2\/product\/4937"}],"collection":[{"href":"https:\/\/innovajoyeros.com\/index.php\/wp-json\/wp\/v2\/product"}],"about":[{"href":"https:\/\/innovajoyeros.com\/index.php\/wp-json\/wp\/v2\/types\/product"}],"version-history":[{"count":5,"href":"https:\/\/innovajoyeros.com\/index.php\/wp-json\/wp\/v2\/product\/4937\/revisions"}],"predecessor-version":[{"id":4955,"href":"https:\/\/innovajoyeros.com\/index.php\/wp-json\/wp\/v2\/product\/4937\/revisions\/4955"}],"wp:featuredmedia":[{"embeddable":true,"href":"https:\/\/innovajoyeros.com\/index.php\/wp-json\/wp\/v2\/media\/4939"}],"wp:attachment":[{"href":"https:\/\/innovajoyeros.com\/index.php\/wp-json\/wp\/v2\/media?parent=4937"}],"wp:term":[{"taxonomy":"product_cat","embeddable":true,"href":"https:\/\/innovajoyeros.com\/index.php\/wp-json\/wp\/v2\/product_cat?post=4937"},{"taxonomy":"product_tag","embeddable":true,"href":"https:\/\/innovajoyeros.com\/index.php\/wp-json\/wp\/v2\/product_tag?post=4937"}],"curies":[{"name":"wp","href":"https:\/\/api.w.org\/{rel}","templated":true}]}}