{"id":5096,"date":"2023-02-25T12:35:11","date_gmt":"2023-02-25T17:35:11","guid":{"rendered":"https:\/\/innovajoyeros.com\/?page_id=5096"},"modified":"2023-02-25T12:58:00","modified_gmt":"2023-02-25T17:58:00","slug":"formulario-diseno-exclusivo","status":"publish","type":"page","link":"https:\/\/innovajoyeros.com\/index.php\/formulario-diseno-exclusivo\/","title":{"rendered":"Formulario Dise\u00f1o exclusivo:"},"content":{"rendered":"\t\t<div data-elementor-type=\"wp-page\" data-elementor-id=\"5096\" class=\"elementor elementor-5096\">\n\t\t\t\t\t\t\t\t\t<section class=\"elementor-section elementor-top-section elementor-element elementor-element-67a6a4c5 elementor-section-boxed elementor-section-height-default elementor-section-height-default\" data-id=\"67a6a4c5\" data-element_type=\"section\">\n\t\t\t\t\t\t<div class=\"elementor-container elementor-column-gap-default\">\n\t\t\t\t\t<div class=\"elementor-column elementor-col-100 elementor-top-column elementor-element elementor-element-212e134e\" data-id=\"212e134e\" data-element_type=\"column\">\n\t\t\t<div class=\"elementor-widget-wrap elementor-element-populated\">\n\t\t\t\t\t\t\t\t<div class=\"elementor-element elementor-element-35a93e8 elementor-widget elementor-widget-heading\" data-id=\"35a93e8\" data-element_type=\"widget\" data-widget_type=\"heading.default\">\n\t\t\t\t<div class=\"elementor-widget-container\">\n\t\t\t<style>\/*! elementor - v3.15.0 - 20-08-2023 *\/\n.elementor-heading-title{padding:0;margin:0;line-height:1}.elementor-widget-heading .elementor-heading-title[class*=elementor-size-]>a{color:inherit;font-size:inherit;line-height:inherit}.elementor-widget-heading .elementor-heading-title.elementor-size-small{font-size:15px}.elementor-widget-heading .elementor-heading-title.elementor-size-medium{font-size:19px}.elementor-widget-heading .elementor-heading-title.elementor-size-large{font-size:29px}.elementor-widget-heading .elementor-heading-title.elementor-size-xl{font-size:39px}.elementor-widget-heading .elementor-heading-title.elementor-size-xxl{font-size:59px}<\/style><h2 class=\"elementor-heading-title elementor-size-default\">Formulario de cotizaci\u00f3n Dise\u00f1o Exclusivo<\/h2>\t\t<\/div>\n\t\t\t\t<\/div>\n\t\t\t\t<div class=\"elementor-element elementor-element-1dac5c50 elementor-widget elementor-widget-text-editor\" data-id=\"1dac5c50\" data-element_type=\"widget\" data-widget_type=\"text-editor.default\">\n\t\t\t\t<div class=\"elementor-widget-container\">\n\t\t\t<style>\/*! elementor - v3.15.0 - 20-08-2023 *\/\n.elementor-widget-text-editor.elementor-drop-cap-view-stacked .elementor-drop-cap{background-color:#69727d;color:#fff}.elementor-widget-text-editor.elementor-drop-cap-view-framed .elementor-drop-cap{color:#69727d;border:3px solid;background-color:transparent}.elementor-widget-text-editor:not(.elementor-drop-cap-view-default) .elementor-drop-cap{margin-top:8px}.elementor-widget-text-editor:not(.elementor-drop-cap-view-default) .elementor-drop-cap-letter{width:1em;height:1em}.elementor-widget-text-editor .elementor-drop-cap{float:left;text-align:center;line-height:1;font-size:50px}.elementor-widget-text-editor .elementor-drop-cap-letter{display:inline-block}<\/style>\t\t\t\t<!-- wp:paragraph -->\n<p>Hacemos realidad tu idea, cu\u00e9ntanos que tipo de accesorio requieres, como por ejemplo un anillos de 15 a\u00f1os, anillo de compromiso, argollas de matrimonio, pulseras de amistad, collares de uni\u00f3n familiar, en el ultimo recuadro escr\u00edbenos con el mayor detalle la idea que tienes y trabajaremos contigo para hacerte una oferta formal, recuerda que manejamos todo tipo de materiales, oro, plata, acero entre otros.<\/p>\n<!-- \/wp:paragraph -->\n\n<!-- wp:wpforms\/form-selector {\"formId\":\"5089\"} \/-->\t\t\t\t\t\t<\/div>\n\t\t\t\t<\/div>\n\t\t\t\t\t<\/div>\n\t\t<\/div>\n\t\t\t\t\t\t\t<\/div>\n\t\t<\/section>\n\t\t\t\t<section class=\"elementor-section elementor-top-section elementor-element elementor-element-9bb5d70 elementor-section-boxed elementor-section-height-default elementor-section-height-default\" data-id=\"9bb5d70\" data-element_type=\"section\">\n\t\t\t\t\t\t<div class=\"elementor-container elementor-column-gap-default\">\n\t\t\t\t\t<div class=\"elementor-column elementor-col-100 elementor-top-column elementor-element elementor-element-0f8c195\" data-id=\"0f8c195\" data-element_type=\"column\">\n\t\t\t<div class=\"elementor-widget-wrap elementor-element-populated\">\n\t\t\t\t\t\t\t\t<div class=\"elementor-element elementor-element-d9b147f elementor-widget elementor-widget-wpforms\" data-id=\"d9b147f\" data-element_type=\"widget\" data-widget_type=\"wpforms.default\">\n\t\t\t\t<div class=\"elementor-widget-container\">\n\t\t\t<div class=\"wpforms-container \" id=\"wpforms-5089\"><form id=\"wpforms-form-5089\" class=\"wpforms-validate wpforms-form\" data-formid=\"5089\" method=\"post\" enctype=\"multipart\/form-data\" action=\"\/index.php\/wp-json\/wp\/v2\/pages\/5096\" data-token=\"831b11a4c5f642732f3c32959b7d271e\"><noscript class=\"wpforms-error-noscript\">Por favor, activa JavaScript en tu navegador para completar este formulario.<\/noscript><div class=\"wpforms-field-container\"><div id=\"wpforms-5089-field_7-container\" class=\"wpforms-field wpforms-field-name\" data-field-id=\"7\"><label class=\"wpforms-field-label\" for=\"wpforms-5089-field_7\">Nombre <span class=\"wpforms-required-label\">*<\/span><\/label><div class=\"wpforms-field-row wpforms-field-medium\"><div class=\"wpforms-field-row-block wpforms-first wpforms-one-half\"><input type=\"text\" id=\"wpforms-5089-field_7\" class=\"wpforms-field-name-first wpforms-field-required\" name=\"wpforms[fields][7][first]\" required><label for=\"wpforms-5089-field_7\" class=\"wpforms-field-sublabel after \">Nombre<\/label><\/div><div class=\"wpforms-field-row-block wpforms-one-half\"><input type=\"text\" id=\"wpforms-5089-field_7-last\" class=\"wpforms-field-name-last wpforms-field-required\" name=\"wpforms[fields][7][last]\" required><label for=\"wpforms-5089-field_7-last\" class=\"wpforms-field-sublabel after \">Apellidos<\/label><\/div><\/div><\/div><div id=\"wpforms-5089-field_11-container\" class=\"wpforms-field wpforms-field-text\" data-field-id=\"11\"><label class=\"wpforms-field-label\" for=\"wpforms-5089-field_11\">Numero de Telefono <span class=\"wpforms-required-label\">*<\/span><\/label><input type=\"text\" id=\"wpforms-5089-field_11\" class=\"wpforms-field-medium wpforms-field-required\" name=\"wpforms[fields][11]\" required><\/div><div id=\"wpforms-5089-field_6-container\" class=\"wpforms-field wpforms-field-email\" data-field-id=\"6\"><label class=\"wpforms-field-label\" for=\"wpforms-5089-field_6\">Correo electr\u00f3nico <span class=\"wpforms-required-label\">*<\/span><\/label><input type=\"email\" id=\"wpforms-5089-field_6\" class=\"wpforms-field-medium wpforms-field-required\" name=\"wpforms[fields][6]\" spellcheck=\"false\" required><\/div><div id=\"wpforms-5089-field_1-container\" class=\"wpforms-field wpforms-field-radio\" data-field-id=\"1\"><label class=\"wpforms-field-label\" for=\"wpforms-5089-field_1\">Seleccione el tipo de accesorio <span class=\"wpforms-required-label\">*<\/span><\/label><ul id=\"wpforms-5089-field_1\" class=\"wpforms-field-required\"><li class=\"choice-5 depth-1\"><input type=\"radio\" id=\"wpforms-5089-field_1_5\" name=\"wpforms[fields][1]\" value=\"Collar\" required ><label class=\"wpforms-field-label-inline\" for=\"wpforms-5089-field_1_5\">Collar<\/label><\/li><li class=\"choice-6 depth-1\"><input type=\"radio\" id=\"wpforms-5089-field_1_6\" name=\"wpforms[fields][1]\" value=\"Pulsera\" required ><label class=\"wpforms-field-label-inline\" for=\"wpforms-5089-field_1_6\">Pulsera<\/label><\/li><li class=\"choice-7 depth-1\"><input type=\"radio\" id=\"wpforms-5089-field_1_7\" name=\"wpforms[fields][1]\" value=\"Reloj\" required ><label class=\"wpforms-field-label-inline\" for=\"wpforms-5089-field_1_7\">Reloj<\/label><\/li><li class=\"choice-8 depth-1\"><input type=\"radio\" id=\"wpforms-5089-field_1_8\" name=\"wpforms[fields][1]\" value=\"Tobillera\" required ><label class=\"wpforms-field-label-inline\" for=\"wpforms-5089-field_1_8\">Tobillera<\/label><\/li><li class=\"choice-9 depth-1\"><input type=\"radio\" id=\"wpforms-5089-field_1_9\" name=\"wpforms[fields][1]\" value=\"Anillo\" required ><label class=\"wpforms-field-label-inline\" for=\"wpforms-5089-field_1_9\">Anillo<\/label><\/li><\/ul><\/div><div id=\"wpforms-5089-field_10-container\" class=\"wpforms-field wpforms-field-radio\" data-field-id=\"10\"><label class=\"wpforms-field-label\" for=\"wpforms-5089-field_10\">Selecciona el material  <span class=\"wpforms-required-label\">*<\/span><\/label><ul id=\"wpforms-5089-field_10\" class=\"wpforms-field-required\"><li class=\"choice-1 depth-1\"><input type=\"radio\" id=\"wpforms-5089-field_10_1\" name=\"wpforms[fields][10]\" value=\"Oro 18K\" required ><label class=\"wpforms-field-label-inline\" for=\"wpforms-5089-field_10_1\">Oro 18K<\/label><\/li><li class=\"choice-2 depth-1\"><input type=\"radio\" id=\"wpforms-5089-field_10_2\" name=\"wpforms[fields][10]\" value=\"Oro blanco\" required ><label class=\"wpforms-field-label-inline\" for=\"wpforms-5089-field_10_2\">Oro blanco<\/label><\/li><li class=\"choice-3 depth-1\"><input type=\"radio\" id=\"wpforms-5089-field_10_3\" name=\"wpforms[fields][10]\" value=\"Oro nacional\" required ><label class=\"wpforms-field-label-inline\" for=\"wpforms-5089-field_10_3\">Oro nacional<\/label><\/li><li class=\"choice-4 depth-1\"><input type=\"radio\" id=\"wpforms-5089-field_10_4\" name=\"wpforms[fields][10]\" value=\"Plata\" required ><label class=\"wpforms-field-label-inline\" for=\"wpforms-5089-field_10_4\">Plata<\/label><\/li><li class=\"choice-5 depth-1\"><input type=\"radio\" id=\"wpforms-5089-field_10_5\" name=\"wpforms[fields][10]\" value=\"Acero\" required ><label class=\"wpforms-field-label-inline\" for=\"wpforms-5089-field_10_5\">Acero<\/label><\/li><li class=\"choice-6 depth-1\"><input type=\"radio\" id=\"wpforms-5089-field_10_6\" name=\"wpforms[fields][10]\" value=\"Cobre\" required ><label class=\"wpforms-field-label-inline\" for=\"wpforms-5089-field_10_6\">Cobre<\/label><\/li><\/ul><\/div><div id=\"wpforms-5089-field_9-container\" class=\"wpforms-field wpforms-field-textarea\" data-field-id=\"9\"><label class=\"wpforms-field-label\" for=\"wpforms-5089-field_9\">Describenos \u00bfCu\u00e1l es la idea  que deseas hacer realidad? <span class=\"wpforms-required-label\">*<\/span><\/label><textarea id=\"wpforms-5089-field_9\" class=\"wpforms-field-medium wpforms-field-required\" name=\"wpforms[fields][9]\" required><\/textarea><\/div><\/div><!-- .wpforms-field-container --><div class=\"wpforms-submit-container\" ><input type=\"hidden\" name=\"wpforms[id]\" value=\"5089\"><input type=\"hidden\" name=\"wpforms[author]\" value=\"1\"><button type=\"submit\" name=\"wpforms[submit]\" id=\"wpforms-submit-5089\" class=\"wpforms-submit\" data-alt-text=\"Enviando...\" data-submit-text=\"Enviar\" aria-live=\"assertive\" value=\"wpforms-submit\">Enviar<\/button><\/div><\/form><\/div>  <!-- .wpforms-container -->\t\t<\/div>\n\t\t\t\t<\/div>\n\t\t\t\t\t<\/div>\n\t\t<\/div>\n\t\t\t\t\t\t\t<\/div>\n\t\t<\/section>\n\t\t\t\t\t\t\t<\/div>\n\t\t","protected":false},"excerpt":{"rendered":"<p>Formulario de cotizaci\u00f3n Dise\u00f1o Exclusivo Hacemos realidad tu idea, cu\u00e9ntanos que tipo de accesorio requieres, como por ejemplo un anillos de 15 a\u00f1os, anillo de compromiso, argollas de matrimonio, pulseras de amistad, collares de uni\u00f3n familiar, en el ultimo recuadro escr\u00edbenos con el mayor detalle la idea que tienes y trabajaremos contigo para hacerte una [&hellip;]<\/p>\n","protected":false},"author":1,"featured_media":0,"parent":0,"menu_order":0,"comment_status":"closed","ping_status":"closed","template":"","meta":{"om_disable_all_campaigns":false,"_mi_skip_tracking":false,"_monsterinsights_sitenote_active":false,"_monsterinsights_sitenote_note":"","_monsterinsights_sitenote_category":0,"_joinchat":[]},"_links":{"self":[{"href":"https:\/\/innovajoyeros.com\/index.php\/wp-json\/wp\/v2\/pages\/5096"}],"collection":[{"href":"https:\/\/innovajoyeros.com\/index.php\/wp-json\/wp\/v2\/pages"}],"about":[{"href":"https:\/\/innovajoyeros.com\/index.php\/wp-json\/wp\/v2\/types\/page"}],"author":[{"embeddable":true,"href":"https:\/\/innovajoyeros.com\/index.php\/wp-json\/wp\/v2\/users\/1"}],"replies":[{"embeddable":true,"href":"https:\/\/innovajoyeros.com\/index.php\/wp-json\/wp\/v2\/comments?post=5096"}],"version-history":[{"count":9,"href":"https:\/\/innovajoyeros.com\/index.php\/wp-json\/wp\/v2\/pages\/5096\/revisions"}],"predecessor-version":[{"id":5110,"href":"https:\/\/innovajoyeros.com\/index.php\/wp-json\/wp\/v2\/pages\/5096\/revisions\/5110"}],"wp:attachment":[{"href":"https:\/\/innovajoyeros.com\/index.php\/wp-json\/wp\/v2\/media?parent=5096"}],"curies":[{"name":"wp","href":"https:\/\/api.w.org\/{rel}","templated":true}]}}